{"id":2262,"date":"2025-01-27T11:29:31","date_gmt":"2025-01-27T11:29:31","guid":{"rendered":"https:\/\/soundmystery.com\/contact\/"},"modified":"2025-09-29T15:49:23","modified_gmt":"2025-09-29T15:49:23","slug":"contacts","status":"publish","type":"page","link":"https:\/\/soundmystery.com\/en\/contacts\/","title":{"rendered":"Contact"},"content":{"rendered":"\t\t<div data-elementor-type=\"wp-page\" data-elementor-id=\"2262\" class=\"elementor elementor-2262 elementor-20\" data-elementor-post-type=\"page\">\n\t\t\t\t<div class=\"elementor-element elementor-element-50314f2 e-flex e-con-boxed e-con e-parent\" data-id=\"50314f2\" data-element_type=\"container\" data-e-type=\"container\" data-settings=\"{&quot;background_background&quot;:&quot;classic&quot;}\">\n\t\t\t\t\t<div class=\"e-con-inner\">\n\t\t<div class=\"elementor-element elementor-element-f00b19c e-con-full e-flex e-con e-child\" data-id=\"f00b19c\" data-element_type=\"container\" data-e-type=\"container\">\n\t\t<div class=\"elementor-element elementor-element-7fae6f5 e-con-full e-flex e-con e-child\" data-id=\"7fae6f5\" data-element_type=\"container\" data-e-type=\"container\">\n\t\t\t\t<div class=\"elementor-element elementor-element-89111fa elementor-widget elementor-widget-heading\" data-id=\"89111fa\" data-element_type=\"widget\" data-e-type=\"widget\" data-widget_type=\"heading.default\">\n\t\t\t\t<div class=\"elementor-widget-container\">\n\t\t\t\t\t<p class=\"elementor-heading-title elementor-size-default\"><a href=\"\/\">Beginning<\/a><\/p>\t\t\t\t<\/div>\n\t\t\t\t<\/div>\n\t\t\t\t<div class=\"elementor-element elementor-element-e480ca2 elementor-widget elementor-widget-heading\" data-id=\"e480ca2\" data-element_type=\"widget\" data-e-type=\"widget\" data-widget_type=\"heading.default\">\n\t\t\t\t<div class=\"elementor-widget-container\">\n\t\t\t\t\t<p class=\"elementor-heading-title elementor-size-default\">\/<\/p>\t\t\t\t<\/div>\n\t\t\t\t<\/div>\n\t\t\t\t<\/div>\n\t\t\t\t<\/div>\n\t\t\t\t\t<\/div>\n\t\t\t\t<\/div>\n\t\t<div class=\"elementor-element elementor-element-8f23677 e-flex e-con-boxed e-con e-parent\" data-id=\"8f23677\" data-element_type=\"container\" data-e-type=\"container\" data-settings=\"{&quot;background_background&quot;:&quot;classic&quot;}\">\n\t\t\t\t\t<div class=\"e-con-inner\">\n\t\t<div class=\"elementor-element elementor-element-93554e1 e-con-full e-flex e-con e-child\" data-id=\"93554e1\" data-element_type=\"container\" data-e-type=\"container\">\n\t\t<div class=\"elementor-element elementor-element-bb0ef35 e-con-full e-flex e-con e-child\" data-id=\"bb0ef35\" data-element_type=\"container\" data-e-type=\"container\">\n\t\t\t\t<div class=\"elementor-element elementor-element-51703e9 elementor-widget__width-initial elementor-widget elementor-widget-heading\" data-id=\"51703e9\" data-element_type=\"widget\" data-e-type=\"widget\" data-widget_type=\"heading.default\">\n\t\t\t\t<div class=\"elementor-widget-container\">\n\t\t\t\t\t<h3 class=\"elementor-heading-title elementor-size-default\">SOUND MYSTERY\nIS NOT A PHYSICAL STORE!<\/h3>\t\t\t\t<\/div>\n\t\t\t\t<\/div>\n\t\t\t\t<div class=\"elementor-element elementor-element-e0c1975 elementor-widget elementor-widget-text-editor\" data-id=\"e0c1975\" data-element_type=\"widget\" data-e-type=\"widget\" data-widget_type=\"text-editor.default\">\n\t\t\t\t<div class=\"elementor-widget-container\">\n\t\t\t\t\t\t\t\t\t<p>And we don&#8217;t have normal working hours, so before you try to find us physically \u2013 contact us!<br>We are always happy to meet our customers, so if you want to see our instruments before buying something, get some recommendations, or just don&#8217;t want to pay for delivery, don&#8217;t hesitate and call us or send us an email. <br>You can get in touch at any time and any day, of course, please follow the principle of reasonableness. We have two &#8220;pantries&#8221;, one is located in our retreat center &#8220;Dragonfly Land&#8221;, and the second is in Vilnius, Fabijoni\u0161k\u0117s, M. \u0160le\u017eevi\u010diaus g. 7, where you can try any instrument you like. Also, if you are attending an event organized by us, you can come in and ask if you are interested in something in your free time.   <\/p><p>Email: <a href=\"mailto:info@soundmystery.com\">info@soundmystery.com<\/a><\/p><p>Phone number: <a href=\"tel:+37063102773\">+370 631 02 773<\/a><\/p><p>Also, if you are interested in our events, please visit <a href=\"http:\/\/www.gongai.lt\/\" target=\"_blank\" rel=\"noopener\">www.gongai.lt<\/a><\/p>\t\t\t\t\t\t\t\t<\/div>\n\t\t\t\t<\/div>\n\t\t\t\t<div class=\"elementor-element elementor-element-7a850b1 elementor-widget elementor-widget-image\" data-id=\"7a850b1\" data-element_type=\"widget\" data-e-type=\"widget\" data-widget_type=\"image.default\">\n\t\t\t\t<div class=\"elementor-widget-container\">\n\t\t\t\t\t\t\t\t\t\t\t\t\t\t\t<img fetchpriority=\"high\" decoding=\"async\" width=\"993\" height=\"657\" src=\"https:\/\/soundmystery.com\/wp-content\/uploads\/2025\/01\/kosmine-balade.jpg\" class=\"attachment-full size-full wp-image-2204\" alt=\"\" srcset=\"https:\/\/soundmystery.com\/wp-content\/uploads\/2025\/01\/kosmine-balade.jpg 993w, https:\/\/soundmystery.com\/wp-content\/uploads\/2025\/01\/kosmine-balade-600x397.jpg 600w, https:\/\/soundmystery.com\/wp-content\/uploads\/2025\/01\/kosmine-balade-300x198.jpg 300w, https:\/\/soundmystery.com\/wp-content\/uploads\/2025\/01\/kosmine-balade-768x508.jpg 768w\" sizes=\"(max-width: 993px) 100vw, 993px\" \/>\t\t\t\t\t\t\t\t\t\t\t\t\t\t\t<\/div>\n\t\t\t\t<\/div>\n\t\t\t\t<div class=\"elementor-element elementor-element-1666222 elementor-widget elementor-widget-text-editor\" data-id=\"1666222\" data-element_type=\"widget\" data-e-type=\"widget\" data-widget_type=\"text-editor.default\">\n\t\t\t\t<div class=\"elementor-widget-container\">\n\t\t\t\t\t\t\t\t\t<p><strong>Lukas &#8211; Alicija &#8211; Ri\u010dardas &#8211; Barto\u0161as <\/strong>(from right to left)<\/p>\t\t\t\t\t\t\t\t<\/div>\n\t\t\t\t<\/div>\n\t\t\t\t<div class=\"elementor-element elementor-element-27824eb elementor-widget elementor-widget-text-editor\" data-id=\"27824eb\" data-element_type=\"widget\" data-e-type=\"widget\" data-widget_type=\"text-editor.default\">\n\t\t\t\t<div class=\"elementor-widget-container\">\n\t\t\t\t\t\t\t\t\t<p><strong>Sound Mystery is a family activity and each member has their own role.<\/strong><\/p>\t\t\t\t\t\t\t\t<\/div>\n\t\t\t\t<\/div>\n\t\t\t\t<div class=\"elementor-element elementor-element-1f37a77 elementor-widget elementor-widget-text-editor\" data-id=\"1f37a77\" data-element_type=\"widget\" data-e-type=\"widget\" data-widget_type=\"text-editor.default\">\n\t\t\t\t<div class=\"elementor-widget-container\">\n\t\t\t\t\t\t\t\t\t<p><a href=\"https:\/\/www.facebook.com\/lukas.eiliakas\/\" target=\"_blank\" rel=\"noopener\"><strong><u>Lukas Eiliakas<\/u><\/strong><\/a> &#8211; call him if you need information about any of our instruments or to make an appointment. Phone number: <a href=\"tel:+37063102773\">+37063102773<\/a> <\/p>\t\t\t\t\t\t\t\t<\/div>\n\t\t\t\t<\/div>\n\t\t\t\t<div class=\"elementor-element elementor-element-673f52c elementor-widget elementor-widget-text-editor\" data-id=\"673f52c\" data-element_type=\"widget\" data-e-type=\"widget\" data-widget_type=\"text-editor.default\">\n\t\t\t\t<div class=\"elementor-widget-container\">\n\t\t\t\t\t\t\t\t\t<p><a href=\"https:\/\/www.facebook.com\/alicja.eiliakas\" target=\"_blank\" rel=\"noopener\"><u><strong>Alicija Eiliakas<\/strong><\/u><\/a> is the founder of the psychological studio &#8220;The Art of Being&#8221; in Vilnius and the Retreat Centre &#8220;Land of Dragonflies&#8221;. Call her if you need information about our events (and if you want to organize an event). Phone number: <a href=\"tel:+37068785625\">+37068785625<\/a>  <\/p>\t\t\t\t\t\t\t\t<\/div>\n\t\t\t\t<\/div>\n\t\t\t\t<div class=\"elementor-element elementor-element-1002e19 elementor-widget elementor-widget-text-editor\" data-id=\"1002e19\" data-element_type=\"widget\" data-e-type=\"widget\" data-widget_type=\"text-editor.default\">\n\t\t\t\t<div class=\"elementor-widget-container\">\n\t\t\t\t\t\t\t\t\t<p><a href=\"https:\/\/www.facebook.com\/ricardas.eiliakas\" target=\"_blank\" rel=\"noopener\"><u><strong>Ri\u010dardas Eiliakas<\/strong><\/u><\/a> &#8211; Gong master and teacher. He is the most experienced flutist in our family, so ask him what you want about wind instruments (or other instruments, of course). You can also call him if you want to know something interesting about &#8220;The Land of Dragonflies&#8221;, whether it&#8217;s about construction or about various myths and legends, he talks very nicely about it! Its number is: <a href=\"tel:+37069835349\">+37069835349<\/a>   <\/p>\t\t\t\t\t\t\t\t<\/div>\n\t\t\t\t<\/div>\n\t\t\t\t<div class=\"elementor-element elementor-element-be76950 elementor-widget elementor-widget-text-editor\" data-id=\"be76950\" data-element_type=\"widget\" data-e-type=\"widget\" data-widget_type=\"text-editor.default\">\n\t\t\t\t<div class=\"elementor-widget-container\">\n\t\t\t\t\t\t\t\t\t<p><a href=\"https:\/\/www.facebook.com\/bartos.eiliakas\" target=\"_blank\" rel=\"noopener\"><u><strong>Barto\u0161as Eiliakas<\/strong><\/u><\/a> is a young composer who is actively developing his musical and sound therapy skills, if you like atmospheric music &#8211; follow him on facebook and spotify! And if you want him to play for you personally or attend your event, contact us by phone <a href=\"tel:+37068249430\">+37068249430<\/a> <\/p>\t\t\t\t\t\t\t\t<\/div>\n\t\t\t\t<\/div>\n\t\t\t\t<\/div>\n\t\t<div class=\"elementor-element elementor-element-0e76496 e-con-full e-flex e-con e-child\" data-id=\"0e76496\" data-element_type=\"container\" data-e-type=\"container\" data-settings=\"{&quot;sticky&quot;:&quot;top&quot;,&quot;sticky_on&quot;:[&quot;desktop&quot;],&quot;sticky_offset&quot;:24,&quot;sticky_parent&quot;:&quot;yes&quot;,&quot;sticky_effects_offset&quot;:0,&quot;sticky_anchor_link_offset&quot;:0}\">\n\t\t\t\t<div class=\"elementor-element elementor-element-5f2406d elementor-widget elementor-widget-heading\" data-id=\"5f2406d\" data-element_type=\"widget\" data-e-type=\"widget\" data-widget_type=\"heading.default\">\n\t\t\t\t<div class=\"elementor-widget-container\">\n\t\t\t\t\t<h2 class=\"elementor-heading-title elementor-size-default\">Contact\n\n<\/h2>\t\t\t\t<\/div>\n\t\t\t\t<\/div>\n\t\t\t\t<div class=\"elementor-element elementor-element-8949d37 elementor-button-align-start elementor-tablet-button-align-start elementor-mobile-button-align-start elementor-widget elementor-widget-form\" data-id=\"8949d37\" data-element_type=\"widget\" data-e-type=\"widget\" data-settings=\"{&quot;step_next_label&quot;:&quot;Next&quot;,&quot;step_previous_label&quot;:&quot;Previous&quot;,&quot;step_type&quot;:&quot;none&quot;,&quot;button_width&quot;:&quot;100&quot;,&quot;step_icon_shape&quot;:&quot;circle&quot;}\" data-widget_type=\"form.default\">\n\t\t\t\t<div class=\"elementor-widget-container\">\n\t\t\t\t\t\t\t<form class=\"elementor-form\" method=\"post\" name=\"Contact form\" aria-label=\"Contact form\" novalidate=\"\">\n\t\t\t<input type=\"hidden\" name=\"post_id\" value=\"2262\"\/>\n\t\t\t<input type=\"hidden\" name=\"form_id\" value=\"8949d37\"\/>\n\t\t\t<input type=\"hidden\" name=\"referer_title\" value=\"Soundmystery\" \/>\n\n\t\t\t\n\t\t\t<div class=\"elementor-form-fields-wrapper elementor-labels-above\">\n\t\t\t\t\t\t\t\t<div class=\"elementor-field-type-text elementor-field-group elementor-column elementor-field-group-name elementor-col-100\">\n\t\t\t\t\t\t\t\t\t\t\t\t<label for=\"form-field-name\" class=\"elementor-field-label\">\n\t\t\t\t\t\t\t\tYour Name\t\t\t\t\t\t\t<\/label>\n\t\t\t\t\t\t\t\t\t\t\t\t\t\t<input size=\"1\" type=\"text\" name=\"form_fields[name]\" id=\"form-field-name\" class=\"elementor-field elementor-size-sm  elementor-field-textual\">\n\t\t\t\t\t\t\t\t\t\t\t<\/div>\n\t\t\t\t\t\t\t\t<div class=\"elementor-field-type-email elementor-field-group elementor-column elementor-field-group-email elementor-col-100 elementor-field-required\">\n\t\t\t\t\t\t\t\t\t\t\t\t<label for=\"form-field-email\" class=\"elementor-field-label\">\n\t\t\t\t\t\t\t\tEmail \t\t\t\t\t\t\t<\/label>\n\t\t\t\t\t\t\t\t\t\t\t\t\t\t<input size=\"1\" type=\"email\" name=\"form_fields[email]\" id=\"form-field-email\" class=\"elementor-field elementor-size-sm  elementor-field-textual\" required=\"required\">\n\t\t\t\t\t\t\t\t\t\t\t<\/div>\n\t\t\t\t\t\t\t\t<div class=\"elementor-field-type-text elementor-field-group elementor-column elementor-field-group-message elementor-col-100\">\n\t\t\t\t\t\t\t\t\t\t\t\t<label for=\"form-field-message\" class=\"elementor-field-label\">\n\t\t\t\t\t\t\t\tSubject\t\t\t\t\t\t\t<\/label>\n\t\t\t\t\t\t\t\t\t\t\t\t\t\t<input size=\"1\" type=\"text\" name=\"form_fields[message]\" id=\"form-field-message\" class=\"elementor-field elementor-size-sm  elementor-field-textual\">\n\t\t\t\t\t\t\t\t\t\t\t<\/div>\n\t\t\t\t\t\t\t\t<div class=\"elementor-field-type-textarea elementor-field-group elementor-column elementor-field-group-field_9b6fc46 elementor-col-100 elementor-field-required\">\n\t\t\t\t\t\t\t\t\t\t\t\t<label for=\"form-field-field_9b6fc46\" class=\"elementor-field-label\">\n\t\t\t\t\t\t\t\tPost\t\t\t\t\t\t\t<\/label>\n\t\t\t\t\t\t<textarea class=\"elementor-field-textual elementor-field  elementor-size-sm\" name=\"form_fields[field_9b6fc46]\" id=\"form-field-field_9b6fc46\" rows=\"4\" required=\"required\"><\/textarea>\t\t\t\t<\/div>\n\t\t\t\t\t\t\t\t<div class=\"elementor-field-type-recaptcha_v3 elementor-field-group elementor-column elementor-field-group-field_7dbb6f9 elementor-col-100 recaptcha_v3-bottomright\">\n\t\t\t\t\t<div class=\"elementor-field\" id=\"form-field-field_7dbb6f9\"><div class=\"elementor-g-recaptcha\" data-sitekey=\"6LdmydErAAAAAE29u5JYXsvWVPcbl8Wg9nykkKZZ\" data-type=\"v3\" data-action=\"Form\" data-badge=\"bottomright\" data-size=\"invisible\"><\/div><\/div>\t\t\t\t<\/div>\n\t\t\t\t\t\t\t\t<div class=\"elementor-field-group elementor-column elementor-field-type-submit elementor-col-100 e-form__buttons\">\n\t\t\t\t\t<button class=\"elementor-button elementor-size-sm\" type=\"submit\">\n\t\t\t\t\t\t<span class=\"elementor-button-content-wrapper\">\n\t\t\t\t\t\t\t\t\t\t\t\t\t\t\t\t\t\t\t\t\t\t<span class=\"elementor-button-text\">Send<\/span>\n\t\t\t\t\t\t\t\t\t\t\t\t\t<\/span>\n\t\t\t\t\t<\/button>\n\t\t\t\t<\/div>\n\t\t\t<\/div>\n\t\t<\/form>\n\t\t\t\t\t\t<\/div>\n\t\t\t\t<\/div>\n\t\t\t\t<\/div>\n\t\t\t\t<\/div>\n\t\t\t\t\t<\/div>\n\t\t\t\t<\/div>\n\t\t\t\t<\/div>\n\t\t","protected":false},"excerpt":{"rendered":"<p>Beginning \/ SOUND MYSTERY IS NOT A PHYSICAL STORE! And we don&#8217;t have normal working hours, so before you try to find us physically \u2013 contact us!We are always happy to meet our customers, so if you want to see our instruments before buying something, get some recommendations, or just don&#8217;t want to pay for [&hellip;]<\/p>\n","protected":false},"author":1,"featured_media":0,"parent":0,"menu_order":0,"comment_status":"closed","ping_status":"closed","template":"elementor_header_footer","meta":{"_acf_changed":false,"footnotes":""},"class_list":["post-2262","page","type-page","status-publish","hentry"],"acf":[],"_links":{"self":[{"href":"https:\/\/soundmystery.com\/en\/wp-json\/wp\/v2\/pages\/2262","targetHints":{"allow":["GET"]}}],"collection":[{"href":"https:\/\/soundmystery.com\/en\/wp-json\/wp\/v2\/pages"}],"about":[{"href":"https:\/\/soundmystery.com\/en\/wp-json\/wp\/v2\/types\/page"}],"author":[{"embeddable":true,"href":"https:\/\/soundmystery.com\/en\/wp-json\/wp\/v2\/users\/1"}],"replies":[{"embeddable":true,"href":"https:\/\/soundmystery.com\/en\/wp-json\/wp\/v2\/comments?post=2262"}],"version-history":[{"count":1,"href":"https:\/\/soundmystery.com\/en\/wp-json\/wp\/v2\/pages\/2262\/revisions"}],"predecessor-version":[{"id":2265,"href":"https:\/\/soundmystery.com\/en\/wp-json\/wp\/v2\/pages\/2262\/revisions\/2265"}],"wp:attachment":[{"href":"https:\/\/soundmystery.com\/en\/wp-json\/wp\/v2\/media?parent=2262"}],"curies":[{"name":"wp","href":"https:\/\/api.w.org\/{rel}","templated":true}]}}