{"id":2653,"date":"2025-07-15T12:53:24","date_gmt":"2025-07-15T12:53:24","guid":{"rendered":"https:\/\/soundmystery.com\/produktas\/pocket-flute-a\/"},"modified":"2026-02-09T12:22:25","modified_gmt":"2026-02-09T12:22:25","slug":"pocket-flute-a","status":"publish","type":"product","link":"https:\/\/soundmystery.com\/en\/product\/pocket-flute-a\/","title":{"rendered":"Pocket Flute A"},"content":{"rendered":"<p>Feel free to create a melody. To play with the pocket flute A, you do not need to have special skills and experience. Allow yourself to intuitively control this instrument and surprise yourself and others with the sounds of its distinctive timbre. If you are going to buy a pocket flute A online, pay attention to the type of wood that is used to make the flute and the size of the flute. The timbre of the flute also depends on the size, the larger the flute \u2013 the lower volume also differs and the price of flutes.    <\/p>\n<p><a href=\"https:\/\/www.youtube.com\/watch?v=yfFYwqN_E4s\">FOR RUSSIAN VIDEO PRESS HERE<\/a><\/p>\n<p><iframe title=\"Trumpai apie Ind\u0117ni\u0161kas Meil\u0117s Fleitas\" width=\"800\" height=\"450\" src=\"https:\/\/www.youtube.com\/embed\/XllkuwvJbU8?start=3&#038;feature=oembed\" frameborder=\"0\" allow=\"accelerometer; autoplay; clipboard-write; encrypted-media; gyroscope; picture-in-picture; web-share\" referrerpolicy=\"strict-origin-when-cross-origin\" allowfullscreen><\/iframe><\/p>\n<p><iframe title=\"Playing the Pocket Flute - Key of &quot;A&quot; - High Spirits Native Flute Playing Tips\" width=\"800\" height=\"450\" src=\"https:\/\/www.youtube.com\/embed\/Vgr0akmZZUk?start=9&#038;feature=oembed\" frameborder=\"0\" allow=\"accelerometer; autoplay; clipboard-write; encrypted-media; gyroscope; picture-in-picture; web-share\" referrerpolicy=\"strict-origin-when-cross-origin\" allowfullscreen><\/iframe><\/p>\n","protected":false},"excerpt":{"rendered":"<p>Feel free to create a melody. To play with the pocket flute A, you do not need to have special skills and experience. Allow yourself to intuitively control this instrument and surprise yourself and others with the sounds of its distinctive timbre. If you are going to buy a pocket flute A online, pay attention [&hellip;]<\/p>\n","protected":false},"featured_media":3484,"template":"","meta":{"_acf_changed":false},"product_brand":[],"product_cat":[89],"product_tag":[],"class_list":{"0":"post-2653","1":"product","2":"type-product","3":"status-publish","4":"has-post-thumbnail","6":"product_cat-flutes","8":"first","9":"instock","10":"taxable","11":"shipping-taxable","12":"purchasable","13":"product-type-simple"},"acf":[],"_links":{"self":[{"href":"https:\/\/soundmystery.com\/en\/wp-json\/wp\/v2\/product\/2653","targetHints":{"allow":["GET"]}}],"collection":[{"href":"https:\/\/soundmystery.com\/en\/wp-json\/wp\/v2\/product"}],"about":[{"href":"https:\/\/soundmystery.com\/en\/wp-json\/wp\/v2\/types\/product"}],"wp:featuredmedia":[{"embeddable":true,"href":"https:\/\/soundmystery.com\/en\/wp-json\/wp\/v2\/media\/3484"}],"wp:attachment":[{"href":"https:\/\/soundmystery.com\/en\/wp-json\/wp\/v2\/media?parent=2653"}],"wp:term":[{"taxonomy":"product_brand","embeddable":true,"href":"https:\/\/soundmystery.com\/en\/wp-json\/wp\/v2\/product_brand?post=2653"},{"taxonomy":"product_cat","embeddable":true,"href":"https:\/\/soundmystery.com\/en\/wp-json\/wp\/v2\/product_cat?post=2653"},{"taxonomy":"product_tag","embeddable":true,"href":"https:\/\/soundmystery.com\/en\/wp-json\/wp\/v2\/product_tag?post=2653"}],"curies":[{"name":"wp","href":"https:\/\/api.w.org\/{rel}","templated":true}]}}