{"id":2677,"date":"2025-07-15T16:33:26","date_gmt":"2025-07-15T16:33:26","guid":{"rendered":"https:\/\/soundmystery.com\/produktas\/merlin-flute-c-walnut\/"},"modified":"2025-07-15T16:33:26","modified_gmt":"2025-07-15T16:33:26","slug":"merlin-flute-c-walnut","status":"publish","type":"product","link":"https:\/\/soundmystery.com\/en\/product\/merlin-flute-c-walnut\/","title":{"rendered":"Merlin Flute C Walnut"},"content":{"rendered":"<p>Feel free to create a melody. To play with Merlin Flute C Walnut, you do not need to have special skills and experience. Allow yourself to intuitively control this instrument and surprise yourself and others with the sounds of its distinctive timbre. When considering buying a Merlin C Walnut flute online, pay attention to the type of wood used to make the flute and the size of the flute. The timbre of the flute also depends on the size, the larger the flute \u2013 the lower volume also differs and the price of flutes.    <\/p>\n<p><a href=\"https:\/\/www.youtube.com\/watch?v=yfFYwqN_E4s\">FOR RUSSIAN VIDEO PRESS HERE<\/a><\/p>\n<p><iframe title=\"Trumpai apie Ind\u0117ni\u0161kas Meil\u0117s Fleitas\" width=\"800\" height=\"450\" src=\"https:\/\/www.youtube.com\/embed\/XllkuwvJbU8?feature=oembed\" frameborder=\"0\" allow=\"accelerometer; autoplay; clipboard-write; encrypted-media; gyroscope; picture-in-picture; web-share\" referrerpolicy=\"strict-origin-when-cross-origin\" allowfullscreen><\/iframe><\/p>\n","protected":false},"excerpt":{"rendered":"<p>Feel free to create a melody. To play with Merlin Flute C Walnut, you do not need to have special skills and experience. Allow yourself to intuitively control this instrument and surprise yourself and others with the sounds of its distinctive timbre. When considering buying a Merlin C Walnut flute online, pay attention to the [&hellip;]<\/p>\n","protected":false},"featured_media":2679,"template":"","meta":{"_acf_changed":false},"product_brand":[],"product_cat":[89],"product_tag":[],"class_list":{"0":"post-2677","1":"product","2":"type-product","3":"status-publish","4":"has-post-thumbnail","6":"product_cat-flutes","8":"first","9":"instock","10":"taxable","11":"shipping-taxable","12":"purchasable","13":"product-type-simple"},"acf":[],"_links":{"self":[{"href":"https:\/\/soundmystery.com\/en\/wp-json\/wp\/v2\/product\/2677","targetHints":{"allow":["GET"]}}],"collection":[{"href":"https:\/\/soundmystery.com\/en\/wp-json\/wp\/v2\/product"}],"about":[{"href":"https:\/\/soundmystery.com\/en\/wp-json\/wp\/v2\/types\/product"}],"wp:featuredmedia":[{"embeddable":true,"href":"https:\/\/soundmystery.com\/en\/wp-json\/wp\/v2\/media\/2679"}],"wp:attachment":[{"href":"https:\/\/soundmystery.com\/en\/wp-json\/wp\/v2\/media?parent=2677"}],"wp:term":[{"taxonomy":"product_brand","embeddable":true,"href":"https:\/\/soundmystery.com\/en\/wp-json\/wp\/v2\/product_brand?post=2677"},{"taxonomy":"product_cat","embeddable":true,"href":"https:\/\/soundmystery.com\/en\/wp-json\/wp\/v2\/product_cat?post=2677"},{"taxonomy":"product_tag","embeddable":true,"href":"https:\/\/soundmystery.com\/en\/wp-json\/wp\/v2\/product_tag?post=2677"}],"curies":[{"name":"wp","href":"https:\/\/api.w.org\/{rel}","templated":true}]}}