{"id":2698,"date":"2025-07-16T12:52:44","date_gmt":"2025-07-16T12:52:44","guid":{"rendered":"https:\/\/soundmystery.com\/produktas\/double-twin-tail-flute-g-walnut\/"},"modified":"2025-07-16T12:52:44","modified_gmt":"2025-07-16T12:52:44","slug":"double-twin-tail-flute-g-walnut","status":"publish","type":"product","link":"https:\/\/soundmystery.com\/en\/product\/double-twin-tail-flute-g-walnut\/","title":{"rendered":"Double Twin Tail Flute G Walnut"},"content":{"rendered":"<p>Feel free to create a melody. Playing the Double Twin Tail flute does not require special skills and experience. Allow yourself to intuitively control this instrument and surprise yourself and others with the sounds of its distinctive timbre. When buying Double Twin Tail Flute G Walnut online, pay attention to the type of wood that is used to make the flute and the size of the flute. The timbre of the flute also depends on the size, the larger the flute \u2013 the lower volume also differs and the price of flutes.    <\/p>\n<p><a href=\"https:\/\/www.youtube.com\/watch?v=yfFYwqN_E4s\">FOR RUSSIAN VIDEO PRESS HERE<\/a><\/p>\n<p><iframe title=\"Trumpai apie Ind\u0117ni\u0161kas Meil\u0117s Fleitas\" width=\"800\" height=\"450\" src=\"https:\/\/www.youtube.com\/embed\/XllkuwvJbU8?feature=oembed\" frameborder=\"0\" allow=\"accelerometer; autoplay; clipboard-write; encrypted-media; gyroscope; picture-in-picture; web-share\" referrerpolicy=\"strict-origin-when-cross-origin\" allowfullscreen><\/iframe><\/p>\n<p>&nbsp;<\/p>\n","protected":false},"excerpt":{"rendered":"<p>Feel free to create a melody. Playing the Double Twin Tail flute does not require special skills and experience. Allow yourself to intuitively control this instrument and surprise yourself and others with the sounds of its distinctive timbre. When buying Double Twin Tail Flute G Walnut online, pay attention to the type of wood that [&hellip;]<\/p>\n","protected":false},"featured_media":2700,"template":"","meta":{"_acf_changed":false},"product_brand":[],"product_cat":[89],"product_tag":[],"class_list":{"0":"post-2698","1":"product","2":"type-product","3":"status-publish","4":"has-post-thumbnail","6":"product_cat-flutes","8":"first","9":"outofstock","10":"taxable","11":"shipping-taxable","12":"purchasable","13":"product-type-simple"},"acf":[],"_links":{"self":[{"href":"https:\/\/soundmystery.com\/en\/wp-json\/wp\/v2\/product\/2698","targetHints":{"allow":["GET"]}}],"collection":[{"href":"https:\/\/soundmystery.com\/en\/wp-json\/wp\/v2\/product"}],"about":[{"href":"https:\/\/soundmystery.com\/en\/wp-json\/wp\/v2\/types\/product"}],"wp:featuredmedia":[{"embeddable":true,"href":"https:\/\/soundmystery.com\/en\/wp-json\/wp\/v2\/media\/2700"}],"wp:attachment":[{"href":"https:\/\/soundmystery.com\/en\/wp-json\/wp\/v2\/media?parent=2698"}],"wp:term":[{"taxonomy":"product_brand","embeddable":true,"href":"https:\/\/soundmystery.com\/en\/wp-json\/wp\/v2\/product_brand?post=2698"},{"taxonomy":"product_cat","embeddable":true,"href":"https:\/\/soundmystery.com\/en\/wp-json\/wp\/v2\/product_cat?post=2698"},{"taxonomy":"product_tag","embeddable":true,"href":"https:\/\/soundmystery.com\/en\/wp-json\/wp\/v2\/product_tag?post=2698"}],"curies":[{"name":"wp","href":"https:\/\/api.w.org\/{rel}","templated":true}]}}