{"id":2751,"date":"2025-05-23T11:52:53","date_gmt":"2025-05-23T11:52:53","guid":{"rendered":"https:\/\/soundmystery.com\/produktas\/large-ceremonial-singing-bowls\/"},"modified":"2025-05-23T11:52:53","modified_gmt":"2025-05-23T11:52:53","slug":"large-ceremonial-singing-bowls","status":"publish","type":"product","link":"https:\/\/soundmystery.com\/en\/product\/large-ceremonial-singing-bowls\/","title":{"rendered":"Large ceremonial singing bowls"},"content":{"rendered":"<p>Uniqueness lies in simplicity. These large ceremonial singing bowls differ from other sounding bowls in size, weight and price. Ceremonial bowls are versatile and can be used as a tool for performing massages. Each bowl is forged from bell bronze and has a unique timbre that depends on the weight and shape of the bowl. Several bowls together can create completely exclusive combinations of sounds, so it is worth buying bowls in several sizes or ready-made sets of singing bowls.    <\/p>\n<p><iframe title=\"Kok\u012f Dainuojant\u012f Duben\u012f rinktis? Kaip u\u017esisakyti?\" width=\"800\" height=\"450\" src=\"https:\/\/www.youtube.com\/embed\/RaVBWgCkzMY?feature=oembed\" frameborder=\"0\" allow=\"accelerometer; autoplay; clipboard-write; encrypted-media; gyroscope; picture-in-picture; web-share\" referrerpolicy=\"strict-origin-when-cross-origin\" allowfullscreen><\/iframe><\/p>\n<p>&nbsp;<\/p>\n","protected":false},"excerpt":{"rendered":"<p>Uniqueness lies in simplicity. These large ceremonial singing bowls differ from other sounding bowls in size, weight and price. Ceremonial bowls are versatile and can be used as a tool for performing massages. Each bowl is forged from bell bronze and has a unique timbre that depends on the weight and shape of the bowl. [&hellip;]<\/p>\n","protected":false},"featured_media":3434,"template":"","meta":{"_acf_changed":false},"product_brand":[],"product_cat":[93,91],"product_tag":[],"class_list":{"0":"post-2751","1":"product","2":"type-product","3":"status-publish","4":"has-post-thumbnail","6":"product_cat-large-ceremonial-singing-bowls","7":"product_cat-singing-bowls","9":"first","10":"instock","11":"taxable","12":"shipping-taxable","13":"purchasable","14":"product-type-variable","15":"has-default-attributes"},"acf":[],"_links":{"self":[{"href":"https:\/\/soundmystery.com\/en\/wp-json\/wp\/v2\/product\/2751","targetHints":{"allow":["GET"]}}],"collection":[{"href":"https:\/\/soundmystery.com\/en\/wp-json\/wp\/v2\/product"}],"about":[{"href":"https:\/\/soundmystery.com\/en\/wp-json\/wp\/v2\/types\/product"}],"wp:featuredmedia":[{"embeddable":true,"href":"https:\/\/soundmystery.com\/en\/wp-json\/wp\/v2\/media\/3434"}],"wp:attachment":[{"href":"https:\/\/soundmystery.com\/en\/wp-json\/wp\/v2\/media?parent=2751"}],"wp:term":[{"taxonomy":"product_brand","embeddable":true,"href":"https:\/\/soundmystery.com\/en\/wp-json\/wp\/v2\/product_brand?post=2751"},{"taxonomy":"product_cat","embeddable":true,"href":"https:\/\/soundmystery.com\/en\/wp-json\/wp\/v2\/product_cat?post=2751"},{"taxonomy":"product_tag","embeddable":true,"href":"https:\/\/soundmystery.com\/en\/wp-json\/wp\/v2\/product_tag?post=2751"}],"curies":[{"name":"wp","href":"https:\/\/api.w.org\/{rel}","templated":true}]}}