{"id":2924,"date":"2025-05-23T12:00:05","date_gmt":"2025-05-23T12:00:05","guid":{"rendered":"https:\/\/soundmystery.com\/produktas\/classic-set-of-7-bowls\/"},"modified":"2025-05-23T12:00:05","modified_gmt":"2025-05-23T12:00:05","slug":"classic-set-of-7-bowls","status":"publish","type":"product","link":"https:\/\/soundmystery.com\/en\/product\/classic-set-of-7-bowls\/","title":{"rendered":"Classic set of 7 bowls"},"content":{"rendered":"<p>Uniqueness lies in simplicity. This classic set of 7 bowls differs from other sounding bowls in size, weight and price. The bowl set is versatile and can be used as a tool for massages. Each bowl is forged from bell bronze and has a unique timbre that depends on the weight and shape of the bowl. Several bowls together can create completely exclusive combinations of sounds, so it is worth buying ready-made sets of singing bowls.    <\/p>\n<p><iframe title=\"Kok\u012f Dainuojant\u012f Duben\u012f rinktis? Kaip u\u017esisakyti?\" width=\"800\" height=\"450\" src=\"https:\/\/www.youtube.com\/embed\/RaVBWgCkzMY?feature=oembed\" frameborder=\"0\" allow=\"accelerometer; autoplay; clipboard-write; encrypted-media; gyroscope; picture-in-picture; web-share\" referrerpolicy=\"strict-origin-when-cross-origin\" allowfullscreen><\/iframe><\/p>\n<p>&nbsp;<\/p>\n","protected":false},"excerpt":{"rendered":"<p>Uniqueness lies in simplicity. This classic set of 7 bowls differs from other sounding bowls in size, weight and price. The bowl set is versatile and can be used as a tool for massages. Each bowl is forged from bell bronze and has a unique timbre that depends on the weight and shape of the [&hellip;]<\/p>\n","protected":false},"featured_media":2925,"template":"","meta":{"_acf_changed":false},"product_brand":[],"product_cat":[92,91],"product_tag":[],"class_list":{"0":"post-2924","1":"product","2":"type-product","3":"status-publish","4":"has-post-thumbnail","6":"product_cat-singing-bowl-sets","7":"product_cat-singing-bowls","9":"first","10":"instock","11":"taxable","12":"shipping-taxable","13":"purchasable","14":"product-type-simple"},"acf":[],"_links":{"self":[{"href":"https:\/\/soundmystery.com\/en\/wp-json\/wp\/v2\/product\/2924","targetHints":{"allow":["GET"]}}],"collection":[{"href":"https:\/\/soundmystery.com\/en\/wp-json\/wp\/v2\/product"}],"about":[{"href":"https:\/\/soundmystery.com\/en\/wp-json\/wp\/v2\/types\/product"}],"wp:featuredmedia":[{"embeddable":true,"href":"https:\/\/soundmystery.com\/en\/wp-json\/wp\/v2\/media\/2925"}],"wp:attachment":[{"href":"https:\/\/soundmystery.com\/en\/wp-json\/wp\/v2\/media?parent=2924"}],"wp:term":[{"taxonomy":"product_brand","embeddable":true,"href":"https:\/\/soundmystery.com\/en\/wp-json\/wp\/v2\/product_brand?post=2924"},{"taxonomy":"product_cat","embeddable":true,"href":"https:\/\/soundmystery.com\/en\/wp-json\/wp\/v2\/product_cat?post=2924"},{"taxonomy":"product_tag","embeddable":true,"href":"https:\/\/soundmystery.com\/en\/wp-json\/wp\/v2\/product_tag?post=2924"}],"curies":[{"name":"wp","href":"https:\/\/api.w.org\/{rel}","templated":true}]}}